{"id":3,"date":"2026-04-25T06:35:01","date_gmt":"2026-04-25T06:35:01","guid":{"rendered":"https:\/\/shandongtechence.com\/?page_id=3"},"modified":"2026-04-30T07:23:36","modified_gmt":"2026-04-30T07:23:36","slug":"privacy-policy","status":"publish","type":"page","link":"https:\/\/shandongtechence.com\/es\/privacy-policy\/","title":{"rendered":"Pol\u00edtica de privacidad"},"content":{"rendered":"<div data-elementor-type=\"wp-page\" data-elementor-id=\"3\" class=\"elementor elementor-3\" data-elementor-post-type=\"page\">\n\t\t\t\t<div class=\"elementor-element elementor-element-9cf9588 e-flex e-con-boxed e-con e-parent\" data-id=\"9cf9588\" data-element_type=\"container\" data-e-type=\"container\" data-settings=\"{&quot;background_background&quot;:&quot;classic&quot;}\">\n\t\t\t\t\t<div class=\"e-con-inner\">\n\t\t<div class=\"elementor-element elementor-element-5ebbbe8 e-con-full e-flex e-con e-child\" data-id=\"5ebbbe8\" data-element_type=\"container\" data-e-type=\"container\">\n\t\t<div class=\"elementor-element elementor-element-5dc7194 e-con-full e-flex e-con e-child\" data-id=\"5dc7194\" data-element_type=\"container\" data-e-type=\"container\">\n\t\t\t\t<div class=\"elementor-element elementor-element-1c58d03 elementor-widget elementor-widget-heading\" data-id=\"1c58d03\" data-element_type=\"widget\" data-e-type=\"widget\" data-widget_type=\"heading.default\">\n\t\t\t\t\t<h1 class=\"elementor-heading-title elementor-size-default\">Pol\u00edtica de privacidad<\/h1>\t\t\t\t<\/div>\n\t\t\t\t<div class=\"elementor-element elementor-element-5d1b86a elementor-icon-list--layout-inline elementor-list-item-link-full_width elementor-widget elementor-widget-icon-list\" data-id=\"5d1b86a\" data-element_type=\"widget\" data-e-type=\"widget\" data-widget_type=\"icon-list.default\">\n\t\t\t\t\t\t\t<ul class=\"elementor-icon-list-items elementor-inline-items\">\n\t\t\t\t\t\t\t<li class=\"elementor-icon-list-item elementor-inline-item\">\n\t\t\t\t\t\t\t\t\t\t\t<a href=\"https:\/\/shandongtechence.com\/es\/\">\n\n\t\t\t\t\t\t\t\t\t\t\t\t<span class=\"elementor-icon-list-icon\">\n\t\t\t\t\t\t\t<i aria-hidden=\"true\" class=\"jki jki-home-solid\"><\/i>\t\t\t\t\t\t<\/span>\n\t\t\t\t\t\t\t\t\t\t<span class=\"elementor-icon-list-text\">hogar<\/span>\n\t\t\t\t\t\t\t\t\t\t\t<\/a>\n\t\t\t\t\t\t\t\t\t<\/li>\n\t\t\t\t\t\t\t\t<li class=\"elementor-icon-list-item elementor-inline-item\">\n\t\t\t\t\t\t\t\t\t\t<span class=\"elementor-icon-list-text\">\/<\/span>\n\t\t\t\t\t\t\t\t\t<\/li>\n\t\t\t\t\t\t\t\t<li class=\"elementor-icon-list-item elementor-inline-item\">\n\t\t\t\t\t\t\t\t\t\t<span class=\"elementor-icon-list-text\">Pol\u00edtica de privacidad<\/span>\n\t\t\t\t\t\t\t\t\t<\/li>\n\t\t\t\t\t\t<\/ul>\n\t\t\t\t\t\t<\/div>\n\t\t\t\t<\/div>\n\t\t\t\t<\/div>\n\t\t\t\t\t<\/div>\n\t\t\t\t<\/div>\n\t\t<div class=\"elementor-element elementor-element-067aea0 e-flex e-con-boxed e-con e-parent\" data-id=\"067aea0\" data-element_type=\"container\" data-e-type=\"container\">\n\t\t\t\t\t<div class=\"e-con-inner\">\n\t\t\t\t<div class=\"elementor-element elementor-element-771a968 elementor-widget elementor-widget-text-editor\" data-id=\"771a968\" data-element_type=\"widget\" data-e-type=\"widget\" data-widget_type=\"text-editor.default\">\n\t\t\t\t\t\t\t\t\t<p>Shandong Techence Forging Co.,Ltd. se compromete a proteger su privacidad y ganarse su confianza. Shandong Techence Forging no vende, comercializa ni alquila su informaci\u00f3n personal a otros. Esta pol\u00edtica revela las pr\u00e1cticas de privacidad del sitio web Shandong Techence Forging. Utilizamos la informaci\u00f3n que recopilamos sobre usted del sitio web Shandong Techence Forging para procesar pedidos y mantener una relaci\u00f3n con usted durante el uso de nuestros productos y servicios. Esta pol\u00edtica explica c\u00f3mo se protege su informaci\u00f3n personal. Nuestra intenci\u00f3n es brindarle el mayor control posible sobre su privacidad e informaci\u00f3n personal y el uso que hacemos de ella en nuestro negocio.<\/p><h6><strong><b>C\u00d3MO HACE\u00a0<\/b><\/strong><strong><b>Forja Shandong Techence<\/b><\/strong><strong><b>\u00a0\u00bfUTILIZAR MI INFORMACI\u00d3N?<\/b><\/strong><\/h6><p>Recopilamos informaci\u00f3n personal para ayudarnos a brindar una experiencia de usuario de alta calidad y ayudar a Shandong Techence Forging a comprender mejor a nuestros clientes. Shandong Techence Forging no vende, comercializa ni alquila su informaci\u00f3n personal a otros. La informaci\u00f3n personal que usted elija brindarnos permite a Shandong Techence Forging procesar y cumplir con su solicitud de una prueba gratuita del Centro de capacitaci\u00f3n en forja Shandong Techence. Tambi\u00e9n utilizamos esa informaci\u00f3n si decide solicitar nuestros productos y servicios para procesar y completar su pedido y notificarle el estado de su pedido.<\/p><p>Utilizamos la informaci\u00f3n personal que usted nos proporciona para brindarle informaci\u00f3n actualizada sobre los productos y servicios de Shandong Techence Forging.<br \/>Podemos utilizar la informaci\u00f3n que recopilamos para notificarle de vez en cuando sobre cambios importantes en la funcionalidad del sitio web, nuevos servicios y productos de Shandong Techence Forging y ofertas especiales que creemos que le resultar\u00e1n valiosas.<br \/>Cuando nos proporciona informaci\u00f3n personal para participar en un concurso o promoci\u00f3n patrocinada por Shandong Techence Forging o sus socios, utilizamos esta informaci\u00f3n para administrar el concurso y notificar a los ganadores. Almacenamos toda la informaci\u00f3n relacionada con dichos concursos y promociones.<br \/>Entregaremos anuncios o promociones dirigidas a nuestros clientes utilizando la informaci\u00f3n personal que usted nos proporciona. No permitimos que los anunciantes tengan acceso a informaci\u00f3n de cuentas individuales. Estos anuncios suelen ser anuncios publicitarios y correos electr\u00f3nicos promocionales.<br \/>Tambi\u00e9n investigamos la demograf\u00eda, los intereses y el comportamiento de nuestros usuarios en funci\u00f3n de la informaci\u00f3n que nos brinda en nuestra herramienta de encuestas en l\u00ednea. Recopilamos y analizamos esta informaci\u00f3n de forma agregada o an\u00f3nima.<br \/>Utilizamos las direcciones IP que recopilamos para informar informaci\u00f3n agregada o an\u00f3nima a nuestros anunciantes.<\/p><h6><strong><b>\u00bfQUI\u00c9N RECOPILA INFORMACI\u00d3N?<\/b><\/strong><\/h6><p>Cuando proporciona informaci\u00f3n personal en un sitio de Shandong Techence Forging, comparte esa informaci\u00f3n solo con Shandong Techence Forging a menos que se le indique espec\u00edficamente lo contrario. Si una empresa distinta de Shandong Techence Forging recopila o mantiene sus datos personales desde nuestro sitio web, se le informar\u00e1 antes de que se recopilen o transfieran. Siempre puede optar por no compartir la informaci\u00f3n. Cuando empresas distintas a las promociones de patrocinadores de Shandong Techence Forging, los datos recopilados en el sitio de Shandong Techence Forging en relaci\u00f3n con estas promociones pueden compartirse con el patrocinador. Una vez m\u00e1s, si este es el caso, se le notificar\u00e1 antes de que se recopilen o transfieran los datos y podr\u00e1 decidir no participar. La mayor\u00eda de estas promociones se limitan a residentes de Estados Unidos o Am\u00e9rica del Norte. Si abandona nuestro sitio web utilizando enlaces para ir a otros sitios web de terceros, esos terceros pueden recopilar informaci\u00f3n sobre usted. Esta pol\u00edtica de privacidad no cubre las pr\u00e1cticas de esos negocios.<\/p><h6><strong><b>HACE\u00a0<\/b><\/strong><strong><b>Forja Shandong Techence<\/b><\/strong><strong><b>\u00a0\u00bfCOMPARTIR MI INFORMACI\u00d3N?<\/b><\/strong><\/h6><p>Aparte de lo establecido en esta pol\u00edtica, Shandong Techence Forging no divulga ninguna de sus informaciones personales a terceros sin su permiso. Lea las siguientes secciones para obtener m\u00e1s informaci\u00f3n.<\/p><h6><strong><b>OTRAS SITUACIONES<\/b><\/strong><\/h6><p>Shandong Techence Forging tambi\u00e9n puede divulgar su informaci\u00f3n cuando sea necesaria para identificar, contactar o entablar acciones legales contra alguien que pueda estar causando da\u00f1o o interferencia con nuestros derechos o derechos de propiedad, los derechos de los usuarios u otros derechos. De la misma manera, Shandong Techence Forging divulgar\u00e1 informaci\u00f3n cuando creamos razonablemente que la divulgaci\u00f3n es requerida por ley o para cumplir con un proceso legal realizado en Shandong Techence Forging o su sitio web. Podemos divulgar su informaci\u00f3n personal con la creencia de buena fe de que debemos actuar bajo circunstancias extremas para proteger la seguridad personal de los usuarios de Shandong Techence Forging, su sitio web o el p\u00fablico.<\/p><h6><strong><b>C\u00d3MO HACE\u00a0<\/b><\/strong><strong><b>Forja Shandong Techence<\/b><\/strong><strong><b>\u00a0\u00bfPROTEGE TU TARJETA DE CR\u00c9DITO E INFORMACI\u00d3N FINANCIERA?<\/b><\/strong><\/h6><p>Estamos comprometidos a proteger la privacidad de la informaci\u00f3n de su tarjeta de cr\u00e9dito y cuenta financiera. No vendemos, comercializamos ni alquilamos la informaci\u00f3n financiera o de su tarjeta de cr\u00e9dito. No ponemos esta informaci\u00f3n a disposici\u00f3n de nadie sin su permiso. Podemos proporcionar datos estad\u00edsticos sobre nuestros clientes a anunciantes, socios, proveedores y otros terceros acreditados. Estos datos se componen \u00fanicamente de datos agregados o an\u00f3nimos, que no contienen ninguna informaci\u00f3n de identificaci\u00f3n personal. Por ejemplo, no revelaremos que compr\u00f3 un producto espec\u00edfico, pero s\u00ed podemos revelar estad\u00edsticas sobre cu\u00e1ntos clientes han comprado un producto espec\u00edfico. Cuando ingresa informaci\u00f3n de tarjeta de cr\u00e9dito en nuestro sitio web, transmitimos la informaci\u00f3n en formato cifrado, utilizando cifrado de capa de socket segura (SSL) est\u00e1ndar de la industria.<\/p><h6><strong><b>SUS DERECHOS RELACIONADOS CON SUS DATOS PERSONALES<\/b><\/strong><\/h6><p>Tiene derecho, seg\u00fan esta Pol\u00edtica de Privacidad y Cookies, y por ley si se encuentra dentro de la UE, a:<\/p><p>Solicite acceso a sus Datos Personales. Si se encuentra dentro de la UE, esto le permitir\u00e1 recibir una copia de los Datos personales que tenemos sobre usted y comprobar que los estamos procesando legalmente.<\/p><p>Solicitar correcci\u00f3n de los Datos Personales que tenemos sobre usted. Esto le permite corregir cualquier informaci\u00f3n incompleta o inexacta que tengamos sobre usted.<\/p><p>Solicitar la eliminaci\u00f3n de sus Datos personales. Esto le permite solicitarnos que eliminemos o eliminemos Datos personales cuando no haya una buena raz\u00f3n para continuar proces\u00e1ndolos. Tambi\u00e9n tiene derecho, si se encuentra dentro de la UE, a solicitarnos que eliminemos o eliminemos sus Datos personales cuando haya ejercido su derecho a oponerse al procesamiento (ver m\u00e1s abajo).<\/p><p>Oponerse al tratamiento de sus Datos Personales.<\/p><p>Solicitar la restricci\u00f3n del tratamiento de sus Datos Personales.<\/p><p>Solicitar la transferencia de sus Datos Personales.<\/p><p>Retirar el consentimiento.<\/p><h6><strong><b>QUEJAS<\/b><\/strong><\/h6><p>Si desea presentar una queja sobre esta Pol\u00edtica de Privacidad o nuestras pr\u00e1cticas en relaci\u00f3n con sus Datos Personales, cont\u00e1ctenos en:\u00a0<a href=\"mailto:cathy@techence.com\">cathy@techence.com<\/a>.<\/p><p>Responderemos a su queja tan pronto como podamos.<\/p><p>Si cree que su queja no se ha resuelto adecuadamente, tenga en cuenta que si se encuentra en la UE, el RGPD le otorga derecho a comunicarse con su autoridad supervisora local de protecci\u00f3n de datos.<\/p><h6><strong><b>CU\u00c1NTO TIEMPO ALMACENAMOS SUS DATOS PERSONALES<\/b><\/strong><\/h6><p>Conservaremos su informaci\u00f3n mientras su cuenta est\u00e9 activa o sea razonablemente necesaria para los fines establecidos en\u00a0<strong><b>C\u00f3mo utilizamos sus datos personales<\/b><\/strong>\u00a0a menos que solicite que eliminemos sus Datos personales como se describe en\u00a0<strong><b>Sus derechos relacionados con sus datos personales<\/b><\/strong>.<\/p><h6><strong><b>\u00bfQU\u00c9 SON LAS COOKIES Y C\u00d3MO LO HACEN\u00a0<\/b><\/strong><strong><b>Forja Shandong Techence<\/b><\/strong><strong><b>\u00a0\u00bfUTILIZARLOS?<\/b><\/strong><\/h6><p>Partes de nuestro sistema de gesti\u00f3n del aprendizaje utilizan \u201ccookies\u201d para que pueda reconocer inmediatamente a un usuario y asignar diferentes permisos asociados con la funcionalidad del sistema. Una \u201ccookie\u201d es un fragmento de datos que se env\u00eda a su navegador desde un servidor web y su navegador lo almacena en el disco duro de su computadora.<\/p><h6><strong><b>TU CONSENTIMIENTO<\/b><\/strong><\/h6><p>Al utilizar nuestro sitio web, usted acepta la recopilaci\u00f3n y el uso de esta informaci\u00f3n por parte de Shandong Techence Forging.<\/p><h6><strong><b>POL\u00cdTICA DE ACEPTACI\u00d3N\/EXCLUSI\u00d3N VOLUNTARIA<\/b><\/strong><\/h6><p>Tras el registro o env\u00edo de informaci\u00f3n personal, Shandong Techence Forging le ofrece la opci\u00f3n de recibir m\u00e1s comunicaciones. Para dejar de recibir informaci\u00f3n, siga las instrucciones de \u201ccancelar suscripci\u00f3n\u201d incluidas en cada correo electr\u00f3nico o cont\u00e1ctenos en\u00a0<a href=\"mailto:cathy@techence.com\"><u>cathy@techence.com<\/u><\/a>.<\/p><h6><strong><b>CONTACTANDO CON EL SITIO WEB<\/b><\/strong><\/h6><p>Si tiene alguna pregunta sobre esta pol\u00edtica de privacidad, las pr\u00e1cticas de este sitio o sus relaciones con este sitio web, comun\u00edquese con:\u00a0<a href=\"mailto:cathy@techence.com\"><u>cathy@techence.com<\/u><\/a>.<\/p>\t\t\t\t\t\t\t\t<\/div>\n\t\t\t\t\t<\/div>\n\t\t\t\t<\/div>\n\t\t\t\t<\/div>","protected":false},"excerpt":{"rendered":"<p>Privacy Policy home \/ Privacy Policy Shandong Techence Forging Co.,Ltd.\u00a0is committed to protecting your privacy and earning your trust. Shandong Techence Forging\u00a0does not sell, trade, or rent your personal information to others. This policy discloses the privacy practices for the Shandong Techence Forging\u00a0Web site. We use the information we collect about you from the Shandong [&hellip;]<\/p>\n","protected":false},"author":1,"featured_media":0,"parent":0,"menu_order":0,"comment_status":"closed","ping_status":"open","template":"","meta":{"footnotes":""},"class_list":["post-3","page","type-page","status-publish","hentry"],"_links":{"self":[{"href":"https:\/\/shandongtechence.com\/es\/wp-json\/wp\/v2\/pages\/3","targetHints":{"allow":["GET"]}}],"collection":[{"href":"https:\/\/shandongtechence.com\/es\/wp-json\/wp\/v2\/pages"}],"about":[{"href":"https:\/\/shandongtechence.com\/es\/wp-json\/wp\/v2\/types\/page"}],"author":[{"embeddable":true,"href":"https:\/\/shandongtechence.com\/es\/wp-json\/wp\/v2\/users\/1"}],"replies":[{"embeddable":true,"href":"https:\/\/shandongtechence.com\/es\/wp-json\/wp\/v2\/comments?post=3"}],"version-history":[{"count":37,"href":"https:\/\/shandongtechence.com\/es\/wp-json\/wp\/v2\/pages\/3\/revisions"}],"predecessor-version":[{"id":1302,"href":"https:\/\/shandongtechence.com\/es\/wp-json\/wp\/v2\/pages\/3\/revisions\/1302"}],"wp:attachment":[{"href":"https:\/\/shandongtechence.com\/es\/wp-json\/wp\/v2\/media?parent=3"}],"curies":[{"name":"wp","href":"https:\/\/api.w.org\/{rel}","templated":true}]}}