{"id":68,"date":"2026-04-27T02:05:08","date_gmt":"2026-04-27T02:05:08","guid":{"rendered":"https:\/\/shandongtechence.com\/?post_type=product&#038;p=68"},"modified":"2026-05-07T09:09:13","modified_gmt":"2026-05-07T09:09:13","slug":"full-taper-forks","status":"publish","type":"product","link":"https:\/\/shandongtechence.com\/es\/product\/full-taper-forks\/","title":{"rendered":"Horquillas totalmente c\u00f3nicas"},"content":{"rendered":"<table>\n<thead>\n<tr>\n<th align=\"left\">\n<h6>thickness(mm)<\/h6>\n<\/th>\n<th align=\"left\">\n<h6>width(mm)<\/h6>\n<\/th>\n<th align=\"left\">\n<h6>longitud (mm)<\/h6>\n<\/th>\n<th align=\"left\">\n<h6>height(mm)<\/h6>\n<\/th>\n<\/tr>\n<\/thead>\n<tbody>\n<tr>\n<td align=\"left\">40<\/td>\n<td align=\"left\">200<\/td>\n<td align=\"left\">1520<\/td>\n<td align=\"left\">655<\/td>\n<\/tr>\n<\/tbody>\n<\/table>\n<p>&nbsp;<\/p>","protected":false},"excerpt":{"rendered":"<p>Horquillas totalmente c\u00f3nicas, adecuadas para cargar en paletas de mercanc\u00edas de bajo nivel. Se puede personalizar cualquier tama\u00f1o.<\/p>","protected":false},"featured_media":69,"comment_status":"open","ping_status":"closed","template":"","meta":[],"product_brand":[],"product_cat":[16],"product_tag":[],"class_list":{"0":"post-68","1":"product","2":"type-product","3":"status-publish","4":"has-post-thumbnail","6":"product_cat-forklift-fork","8":"first","9":"instock","10":"shipping-taxable","11":"product-type-simple"},"_links":{"self":[{"href":"https:\/\/shandongtechence.com\/es\/wp-json\/wp\/v2\/product\/68","targetHints":{"allow":["GET"]}}],"collection":[{"href":"https:\/\/shandongtechence.com\/es\/wp-json\/wp\/v2\/product"}],"about":[{"href":"https:\/\/shandongtechence.com\/es\/wp-json\/wp\/v2\/types\/product"}],"replies":[{"embeddable":true,"href":"https:\/\/shandongtechence.com\/es\/wp-json\/wp\/v2\/comments?post=68"}],"wp:featuredmedia":[{"embeddable":true,"href":"https:\/\/shandongtechence.com\/es\/wp-json\/wp\/v2\/media\/69"}],"wp:attachment":[{"href":"https:\/\/shandongtechence.com\/es\/wp-json\/wp\/v2\/media?parent=68"}],"wp:term":[{"taxonomy":"product_brand","embeddable":true,"href":"https:\/\/shandongtechence.com\/es\/wp-json\/wp\/v2\/product_brand?post=68"},{"taxonomy":"product_cat","embeddable":true,"href":"https:\/\/shandongtechence.com\/es\/wp-json\/wp\/v2\/product_cat?post=68"},{"taxonomy":"product_tag","embeddable":true,"href":"https:\/\/shandongtechence.com\/es\/wp-json\/wp\/v2\/product_tag?post=68"}],"curies":[{"name":"wp","href":"https:\/\/api.w.org\/{rel}","templated":true}]}}